{"id":32624,"date":"2024-04-29T07:40:52","date_gmt":"2024-04-29T06:40:52","guid":{"rendered":"https:\/\/puravita.pl\/membership\/"},"modified":"2024-06-11T22:50:02","modified_gmt":"2024-06-11T21:50:02","slug":"membership","status":"publish","type":"page","link":"https:\/\/wordpress.puravita.pl\/en\/membership\/","title":{"rendered":"Membership"},"content":{"rendered":"<div class=\"wpb-content-wrapper\"><p>[vc_row][vc_column]<div class=\"title-wrapper  basel-title-color-primary basel-title-style-simple basel-title-size-default text-center vc_custom_1718139783155\"><span class=\"title-subtitle font-default\">PuraVita Experience<\/span><div class=\"liner-continer\"> <span class=\"left-line\"><\/span> <h4 class=\"title\" ><strong> PuraVita Membership<\/strong><span class=\"title-separator\"><span><\/span><\/span><\/h4> <span class=\"right-line\"><\/span> <\/div><span class=\"title-after_title\">PuraVita Experience, to nasza subskrypcja, w ramach kt\u00f3rej, co miesi\u0105c zostaje pobrana op\u0142ata zgodnie z wybranym wariantem subskrypcji, kt\u00f3ra zostanie zapisana jako \u015brodki na Twoim koncie PuraVita. Mo\u017cesz je wykorzysta\u0107 na zakup wszystkich produkt\u00f3w z oferty PuraVita.<\/span><\/div>[\/vc_column][\/vc_row][vc_row disable_element=&#8221;yes&#8221;][vc_column]\t\t\t<div class=\"pricing-tables-wrapper\">\n\t\t\t\t<div class=\"pricing-tables \" >\n\t\t\t\t\t\n\t\t\t<div class=\"basel-price-table \" >\n\t\t\t\t<div class=\"basel-plan\">\n\t\t\t\t\t<div class=\"basel-plan-name\">\n\t\t\t\t\t\t<span>Base<\/span>\n\t\t\t\t\t\t\t\t\t\t\t\t\t<span class=\"price-subtitle\">smart start<\/span>\n\t\t\t\t\t\t\t\t\t\t\t<\/div>\n\t\t\t\t<\/div>\n\t\t\t\t<div class=\"basel-plan-inner\">\n\t\t\t\t\t\t\t\t\t\t<div class=\"basel-plan-price\">\n\t\t\t\t\t\t<span class=\"basel-price-currency\">\n\t\t\t\t\t\t\t$\t\t\t\t\t\t<\/span>\n\t\t\t\t\t\t<span class=\"basel-price-value\">\n\t\t\t\t\t\t\t199\t\t\t\t\t\t<\/span>\n\t\t\t\t\t\t<span class=\"basel-price-suffix\">\n\t\t\t\t\t\t\ttax free\t\t\t\t\t\t<\/span>\n\t\t\t\t\t<\/div>\n\t\t\t\t\t\t\t\t\t\t\t<div class=\"basel-plan-features\">\n\t\t\t\t\t\t\t\t\t\t\t\t\t\t\t<div class=\"basel-plan-feature\">\n\t\t\t\t\t\t\t\t\t16 gb 3 GB LPDDR3 5.2-inch Helio X25 processor 21.16 megapixel\t\t\t\t\t\t\t\t<\/div>\n\t\t\t\t\t\t\t\t\t\t\t\t\t<\/div>\n\t\t\t\t\t\t\t\t\t\t<div class=\"basel-plan-footer\">\n\t\t\t\t\t\t\t\t\t\t\t\t\t<a href=\"\" class=\"button price-plan-btn\">\n\t\t\t\t\t\t\t\t\t\t\t\t\t\t\t<\/a>\n\t\t\t\t\t\t\t\t\t\t\t<\/div>\n\t\t\t\t<\/div>\n\t\t\t<\/div>\n\n\t\t\n\t\t\t<div class=\"basel-price-table \" >\n\t\t\t\t<div class=\"basel-plan\">\n\t\t\t\t\t<div class=\"basel-plan-name\">\n\t\t\t\t\t\t<span>Base<\/span>\n\t\t\t\t\t\t\t\t\t\t\t\t\t<span class=\"price-subtitle\">smart start<\/span>\n\t\t\t\t\t\t\t\t\t\t\t<\/div>\n\t\t\t\t<\/div>\n\t\t\t\t<div class=\"basel-plan-inner\">\n\t\t\t\t\t\t\t\t\t\t<div class=\"basel-plan-price\">\n\t\t\t\t\t\t<span class=\"basel-price-currency\">\n\t\t\t\t\t\t\t$\t\t\t\t\t\t<\/span>\n\t\t\t\t\t\t<span class=\"basel-price-value\">\n\t\t\t\t\t\t\t199\t\t\t\t\t\t<\/span>\n\t\t\t\t\t\t<span class=\"basel-price-suffix\">\n\t\t\t\t\t\t\ttax free\t\t\t\t\t\t<\/span>\n\t\t\t\t\t<\/div>\n\t\t\t\t\t\t\t\t\t\t\t<div class=\"basel-plan-features\">\n\t\t\t\t\t\t\t\t\t\t\t\t\t\t\t<div class=\"basel-plan-feature\">\n\t\t\t\t\t\t\t\t\t16 gb 3 GB LPDDR3 5.2-inch Helio X25 processor 21.16 megapixel\t\t\t\t\t\t\t\t<\/div>\n\t\t\t\t\t\t\t\t\t\t\t\t\t<\/div>\n\t\t\t\t\t\t\t\t\t\t<div class=\"basel-plan-footer\">\n\t\t\t\t\t\t\t\t\t\t\t\t\t<a href=\"\" class=\"button price-plan-btn\">\n\t\t\t\t\t\t\t\t\t\t\t\t\t\t\t<\/a>\n\t\t\t\t\t\t\t\t\t\t\t<\/div>\n\t\t\t\t<\/div>\n\t\t\t<\/div>\n\n\t\t\n\t\t\t<div class=\"basel-price-table  price-with-label label-color-yellow\" >\n\t\t\t\t<div class=\"basel-plan\">\n\t\t\t\t\t<div class=\"basel-plan-name\">\n\t\t\t\t\t\t<span>Premium<\/span>\n\t\t\t\t\t\t\t\t\t\t\t\t\t<span class=\"price-subtitle\">for business<\/span>\n\t\t\t\t\t\t\t\t\t\t\t<\/div>\n\t\t\t\t<\/div>\n\t\t\t\t<div class=\"basel-plan-inner\">\n\t\t\t\t\t\t\t\t\t\t\t<div class=\"price-label\"><span>BEST<\/span><\/div>\n\t\t\t\t\t\t\t\t\t\t<div class=\"basel-plan-price\">\n\t\t\t\t\t\t<span class=\"basel-price-currency\">\n\t\t\t\t\t\t\t$\t\t\t\t\t\t<\/span>\n\t\t\t\t\t\t<span class=\"basel-price-value\">\n\t\t\t\t\t\t\t260\t\t\t\t\t\t<\/span>\n\t\t\t\t\t\t<span class=\"basel-price-suffix\">\n\t\t\t\t\t\t\ttax free\t\t\t\t\t\t<\/span>\n\t\t\t\t\t<\/div>\n\t\t\t\t\t\t\t\t\t\t\t<div class=\"basel-plan-features\">\n\t\t\t\t\t\t\t\t\t\t\t\t\t\t\t<div class=\"basel-plan-feature\">\n\t\t\t\t\t\t\t\t\t32 gb 4 GB LPDDR3 5.2-inch Helio X25 processor 21.16 megapixel\t\t\t\t\t\t\t\t<\/div>\n\t\t\t\t\t\t\t\t\t\t\t\t\t<\/div>\n\t\t\t\t\t\t\t\t\t\t<div class=\"basel-plan-footer\">\n\t\t\t\t\t\t\t\t\t\t\t\t\t<a href=\"\" class=\"button price-plan-btn\">\n\t\t\t\t\t\t\t\t\t\t\t\t\t\t\t<\/a>\n\t\t\t\t\t\t\t\t\t\t\t<\/div>\n\t\t\t\t<\/div>\n\t\t\t<\/div>\n\n\t\t\n\t\t\t<div class=\"basel-price-table  price-with-label label-color-blue\" >\n\t\t\t\t<div class=\"basel-plan\">\n\t\t\t\t\t<div class=\"basel-plan-name\">\n\t\t\t\t\t\t<span>Performance<\/span>\n\t\t\t\t\t\t\t\t\t\t\t\t\t<span class=\"price-subtitle\">powerful tool<\/span>\n\t\t\t\t\t\t\t\t\t\t\t<\/div>\n\t\t\t\t<\/div>\n\t\t\t\t<div class=\"basel-plan-inner\">\n\t\t\t\t\t\t\t\t\t\t\t<div class=\"price-label\"><span>best<\/span><\/div>\n\t\t\t\t\t\t\t\t\t\t<div class=\"basel-plan-price\">\n\t\t\t\t\t\t<span class=\"basel-price-currency\">\n\t\t\t\t\t\t\t$\t\t\t\t\t\t<\/span>\n\t\t\t\t\t\t<span class=\"basel-price-value\">\n\t\t\t\t\t\t\t360\t\t\t\t\t\t<\/span>\n\t\t\t\t\t\t<span class=\"basel-price-suffix\">\n\t\t\t\t\t\t\ttax free\t\t\t\t\t\t<\/span>\n\t\t\t\t\t<\/div>\n\t\t\t\t\t\t\t\t\t\t\t<div class=\"basel-plan-features\">\n\t\t\t\t\t\t\t\t\t\t\t\t\t\t\t<div class=\"basel-plan-feature\">\n\t\t\t\t\t\t\t\t\t128 gb 4 GB LPDDR3 5.2-inch Helio X25 processor 21.16 megapixel\t\t\t\t\t\t\t\t<\/div>\n\t\t\t\t\t\t\t\t\t\t\t\t\t<\/div>\n\t\t\t\t\t\t\t\t\t\t<div class=\"basel-plan-footer\">\n\t\t\t\t\t\t\t\t\t\t\t\t\t<a href=\"\" class=\"button price-plan-btn\">\n\t\t\t\t\t\t\t\t\t\t\t\t\t\t\t<\/a>\n\t\t\t\t\t\t\t\t\t\t\t<\/div>\n\t\t\t\t<\/div>\n\t\t\t<\/div>\n\n\t\t\t\t\t\t<\/div>\n\t\t\t<\/div>\n\t\t[\/vc_column][\/vc_row][vc_row][vc_column]\t\t\t<div class=\"pricing-tables-wrapper\">\n\t\t\t\t<div class=\"pricing-tables \" >\n\t\t\t\t\t\n\t\t\t<div class=\"basel-price-table \" >\n\t\t\t\t<div class=\"basel-plan\">\n\t\t\t\t\t<div class=\"basel-plan-name\">\n\t\t\t\t\t\t<span>PuraVita Basic Experience<\/span>\n\t\t\t\t\t\t\t\t\t\t\t<\/div>\n\t\t\t\t<\/div>\n\t\t\t\t<div class=\"basel-plan-inner\">\n\t\t\t\t\t\t\t\t\t\t<div class=\"basel-plan-price\">\n\t\t\t\t\t\t<span class=\"basel-price-currency\">\n\t\t\t\t\t\t\tz\u0142\t\t\t\t\t\t<\/span>\n\t\t\t\t\t\t<span class=\"basel-price-value\">\n\t\t\t\t\t\t\t150\t\t\t\t\t\t<\/span>\n\t\t\t\t\t\t<span class=\"basel-price-suffix\">\n\t\t\t\t\t\t\t\t\t\t\t\t\t<\/span>\n\t\t\t\t\t<\/div>\n\t\t\t\t\t\t\t\t\t\t\t<div class=\"basel-plan-features\">\n\t\t\t\t\t\t\t\t\t\t\t\t\t\t\t<div class=\"basel-plan-feature\">\n\t\t\t\t\t\t\t\t\tca\u0142a kwota subskrypcji do wykorzystania w sklepie 5% sta\u0142ego rabatu na wszystkie produkty darmowa dostawa\t\t\t\t\t\t\t\t<\/div>\n\t\t\t\t\t\t\t\t\t\t\t\t\t<\/div>\n\t\t\t\t\t\t\t\t\t\t<div class=\"basel-plan-footer\">\n\t\t\t\t\t\t\t\t\t\t\t\t\t<a href=\"?add-to-cart=32689\" aria-describedby=\"woocommerce_loop_add_to_cart_link_describedby_32689\" data-quantity=\"1\" class=\"button product_type_simple add_to_cart_button ajax_add_to_cart\" data-product_id=\"32689\" data-product_sku=\"\" aria-label=\"Add to cart: &ldquo;PuraVita Basic&rdquo;\" rel=\"nofollow\" data-success_message=\"&ldquo;PuraVita Basic&rdquo; has been added to your cart\">Add to cart<\/a>\t<span id=\"woocommerce_loop_add_to_cart_link_describedby_32689\" class=\"screen-reader-text\">\n\t\t\t<\/span>\n\t\t\t\t\t\t\t\t\t\t\t<\/div>\n\t\t\t\t<\/div>\n\t\t\t<\/div>\n\n\t\t\n\t\t\t<div class=\"basel-price-table  price-with-label label-color-green\" >\n\t\t\t\t<div class=\"basel-plan\">\n\t\t\t\t\t<div class=\"basel-plan-name\">\n\t\t\t\t\t\t<span>PuraVita Full Experience<\/span>\n\t\t\t\t\t\t\t\t\t\t\t<\/div>\n\t\t\t\t<\/div>\n\t\t\t\t<div class=\"basel-plan-inner\">\n\t\t\t\t\t\t\t\t\t\t\t<div class=\"price-label\"><span>Recommended<\/span><\/div>\n\t\t\t\t\t\t\t\t\t\t<div class=\"basel-plan-price\">\n\t\t\t\t\t\t<span class=\"basel-price-currency\">\n\t\t\t\t\t\t\tz\u0142\t\t\t\t\t\t<\/span>\n\t\t\t\t\t\t<span class=\"basel-price-value\">\n\t\t\t\t\t\t\t250\t\t\t\t\t\t<\/span>\n\t\t\t\t\t\t<span class=\"basel-price-suffix\">\n\t\t\t\t\t\t\t\t\t\t\t\t\t<\/span>\n\t\t\t\t\t<\/div>\n\t\t\t\t\t\t\t\t\t\t\t<div class=\"basel-plan-features\">\n\t\t\t\t\t\t\t\t\t\t\t\t\t\t\t<div class=\"basel-plan-feature\">\n\t\t\t\t\t\t\t\t\tca\u0142a kwota subskrypcji do wykorzystania w sklepie 5% sta\u0142ego rabatu na wszystkie produkty darmowa dostawa 10% rabatu na eventy organizowane przez PuraVita\t\t\t\t\t\t\t\t<\/div>\n\t\t\t\t\t\t\t\t\t\t\t\t\t<\/div>\n\t\t\t\t\t\t\t\t\t\t<div class=\"basel-plan-footer\">\n\t\t\t\t\t\t\t\t\t\t\t\t\t<a href=\"?add-to-cart=32690\" aria-describedby=\"woocommerce_loop_add_to_cart_link_describedby_32690\" data-quantity=\"1\" class=\"button product_type_simple add_to_cart_button ajax_add_to_cart\" data-product_id=\"32690\" data-product_sku=\"\" aria-label=\"Add to cart: &ldquo;PuraVita Full Experience&rdquo;\" rel=\"nofollow\" data-success_message=\"&ldquo;PuraVita Full Experience&rdquo; has been added to your cart\">Add to cart<\/a>\t<span id=\"woocommerce_loop_add_to_cart_link_describedby_32690\" class=\"screen-reader-text\">\n\t\t\t<\/span>\n\t\t\t\t\t\t\t\t\t\t\t<\/div>\n\t\t\t\t<\/div>\n\t\t\t<\/div>\n\n\t\t\t\t\t\t<\/div>\n\t\t\t<\/div>\n\t\t[\/vc_column][\/vc_row]<\/p>\n<\/div>","protected":false},"excerpt":{"rendered":"<p>[vc_row][vc_column][\/vc_column][\/vc_row][vc_row disable_element=&#8221;yes&#8221;][vc_column][\/vc_column][\/vc_row][vc_row][vc_column][\/vc_column][\/vc_row]<\/p>\n","protected":false},"author":1,"featured_media":0,"parent":0,"menu_order":0,"comment_status":"closed","ping_status":"closed","template":"","meta":{"footnotes":""},"class_list":["post-32624","page","type-page","status-publish","hentry"],"aioseo_notices":[],"_links":{"self":[{"href":"https:\/\/wordpress.puravita.pl\/en\/wp-json\/wp\/v2\/pages\/32624","targetHints":{"allow":["GET"]}}],"collection":[{"href":"https:\/\/wordpress.puravita.pl\/en\/wp-json\/wp\/v2\/pages"}],"about":[{"href":"https:\/\/wordpress.puravita.pl\/en\/wp-json\/wp\/v2\/types\/page"}],"author":[{"embeddable":true,"href":"https:\/\/wordpress.puravita.pl\/en\/wp-json\/wp\/v2\/users\/1"}],"replies":[{"embeddable":true,"href":"https:\/\/wordpress.puravita.pl\/en\/wp-json\/wp\/v2\/comments?post=32624"}],"version-history":[{"count":15,"href":"https:\/\/wordpress.puravita.pl\/en\/wp-json\/wp\/v2\/pages\/32624\/revisions"}],"predecessor-version":[{"id":32782,"href":"https:\/\/wordpress.puravita.pl\/en\/wp-json\/wp\/v2\/pages\/32624\/revisions\/32782"}],"wp:attachment":[{"href":"https:\/\/wordpress.puravita.pl\/en\/wp-json\/wp\/v2\/media?parent=32624"}],"curies":[{"name":"wp","href":"https:\/\/api.w.org\/{rel}","templated":true}]}}