{"id":32625,"date":"2024-04-29T13:45:20","date_gmt":"2024-04-29T12:45:20","guid":{"rendered":"https:\/\/puravita.pl\/become-a-partner\/"},"modified":"2024-06-04T13:29:53","modified_gmt":"2024-06-04T12:29:53","slug":"become-a-partner","status":"publish","type":"page","link":"https:\/\/wordpress.puravita.pl\/en\/become-a-partner\/","title":{"rendered":"Become a partner"},"content":{"rendered":"<div class=\"wpb-content-wrapper\"><p>[vc_row full_width=&#8221;stretch_row&#8221; basel_parallax=&#8221;1&#8243; css=&#8221;.vc_custom_1716760549089{margin-bottom: 45px !important;padding-top: 400px !important;padding-bottom: 30px !important;background-image: url(https:\/\/puravita.pl\/wp-content\/uploads\/2024\/05\/Tim-Douglas-Barista-scaled.jpg?id=32575) !important;background-position: center !important;background-repeat: no-repeat !important;background-size: cover !important;}&#8221;][vc_column][vc_custom_heading text=&#8221;<strong>Become a PuraVita partner<\/strong>&#8221; font_container=&#8221;tag:h1|font_size:35|text_align:center|color:%23ffffff|line_height:1.4&#8243; use_theme_fonts=&#8221;yes&#8221; css=&#8221;.vc_custom_1717396868129{margin-bottom: 5px !important;}&#8221;][\/vc_column][\/vc_row][vc_row][vc_column width=&#8221;1\/2&#8243; offset=&#8221;vc_col-lg-6 vc_col-md-12 vc_col-xs-12&#8243;][vc_column_text css=&#8221;.vc_custom_1717396406022{margin-bottom: 30px !important;padding-top: 15px !important;}&#8221;]<\/p>\n<h1><strong>Join PuraVita<\/strong><\/h1>\n<p>Are you a business owner and want to enhance your product offering and delight your customers with high quality, natural products? Look no further! At PuraVita, we believe in the power of nature to promote well-being and vitality. Our goal is to provide the highest quality products that can seamlessly integrate into your business, enhancing the experience you offer your customers.[\/vc_column_text][vc_cta h2=&#8221;Why become a PuraVita partner?&#8221; add_button=&#8221;bottom&#8221; btn_title=&#8221;Register as a partner&#8221; btn_color=&#8221;green&#8221;]<strong>1. Top quality:<\/strong> our products are made from the finest natural ingredients, so customers get only the best.<\/p>\n<p><strong>2 Diversified product range:<\/strong> From flavored coffee to superfoods, PuraVita offers a wide range of products that cater to different needs and preferences.<\/p>\n<p><strong>3 &#8211; Competitive pricing:<\/strong> Take advantage of our attractive wholesale rates that will help you maximize your profit margins while offering quality products.<\/p>\n<p><strong>4. Marketing support:<\/strong> we provide comprehensive marketing materials and support to help you effectively promote PuraVita products.<\/p>\n<p><strong>5 Sustainable practices:<\/strong> Align your business with a brand that prioritizes sustainability and ethical sourcing, attracting a growing number of environmentally conscious consumers.[\/vc_cta][\/vc_column][vc_column width=&#8221;1\/2&#8243; offset=&#8221;vc_col-lg-6 vc_col-md-12 vc_hidden-sm vc_col-xs-12 vc_hidden-xs&#8221;][vc_single_image image=&#8221;32175&#8243; img_size=&#8221;full&#8221; alignment=&#8221;center&#8221; style=&#8221;vc_box_rounded&#8221;][\/vc_column][\/vc_row][vc_row css=&#8221;.vc_custom_1716377589278{margin-bottom: 60px !important;}&#8221;][vc_column][vc_row_inner][vc_column_inner width=&#8221;1\/2&#8243;][vc_single_image image=&#8221;32195&#8243; img_size=&#8221;1000&#215;1000&#8243; style=&#8221;vc_box_rounded&#8221;][\/vc_column_inner][vc_column_inner width=&#8221;1\/2&#8243;][vc_cta h2=&#8221;Who can be our partner?&#8221; h4=&#8221;Actually anyone, we are open to different forms of cooperation, but we are probably the best fit if you are one of:&#8221;]<strong>\ud83d\uded2 Retail stores<\/strong><br \/>\nEnrich your shelves with our natural products, attracting health-conscious customers and increasing sales.<\/p>\n<p><strong>\u2615\ufe0f Cafes and restaurants<\/strong><br \/>\nServe our premium coffee and wellness drinks, offering your customers a unique and enjoyable experience.<\/p>\n<p><strong>\ud83d\udcbc Corporate offices<\/strong><br \/>\nProvide your employees with our healthy coffee options, supporting a productive and vibrant workplace.<\/p>\n<p><strong>\ud83c\udfcb\ufe0f Wellness centers and gyms<\/strong><br \/>\nOffer our wellness supplements and drinks, complementing your services and improving the health of your customers.[\/vc_cta][\/vc_column_inner][\/vc_row_inner][\/vc_column][\/vc_row][vc_row css=&#8221;.vc_custom_1716377629026{margin-bottom: 30px !important;}&#8221;][vc_column][vc_row_inner][vc_column_inner][vc_column_text]<\/p>\n<h1 style=\"text-align: center;\"><strong>How do you start a partnership?<\/strong><\/h1>\n<p>[\/vc_column_text][\/vc_column_inner][\/vc_row_inner][\/vc_column][\/vc_row][vc_row css=&#8221;.vc_custom_1451129392644{margin-bottom: -40px !important;}&#8221;][vc_column width=&#8221;1\/4&#8243; css=&#8221;.vc_custom_1451129398993{margin-bottom: 25px !important;}&#8221;][vc_column_text]<strong>1 Contact us:<\/strong> Fill out the application form[\/vc_column_text][\/vc_column][vc_column width=&#8221;1\/4&#8243; css=&#8221;.vc_custom_1451129403369{margin-bottom: 25px !important;}&#8221;][vc_column_text css=&#8221;.vc_custom_1717396746844{margin-bottom: 35px !important;}&#8221;]<strong>2 Consultation:<\/strong> We will discuss your business needs and tailor a cooperation plan that is in line with your goals.[\/vc_column_text][\/vc_column][vc_column width=&#8221;1\/4&#8243; css=&#8221;.vc_custom_1451129408776{margin-bottom: 25px !important;}&#8221;][vc_column_text]<strong>3 Implementation:<\/strong> Enjoy a smooth implementation process with full support from our team, including product training and marketing resources.[\/vc_column_text][\/vc_column][vc_column width=&#8221;1\/4&#8243; css=&#8221;.vc_custom_1451129413569{margin-bottom: 25px !important;}&#8221;][vc_column_text]<strong>4 Shared Growth:<\/strong> Start selling PuraVita products and watch your business grow with the support of our premium offerings and ongoing partner support.[\/vc_column_text][\/vc_column][\/vc_row][vc_row full_width=&#8221;stretch_row&#8221; content_placement=&#8221;middle&#8221; css=&#8221;.vc_custom_1716377667241{margin-top: 60px !important;background-position: center !important;background-repeat: no-repeat !important;background-size: cover !important;}&#8221; el_id=&#8221;salesform&#8221;][vc_column basel_color_scheme=&#8221;dark&#8221;]<div class=\"title-wrapper  basel-title-color-black basel-title-style-bordered basel-title-size-large text-center vc_custom_1717396826803\"><span class=\"title-subtitle font-default\">WSP\u00d3LNIE ZBUDUJMY ZDROW\u0104 PRZYSZ\u0141O\u015a\u0106<\/span><div class=\"liner-continer\"> <span class=\"left-line\"><\/span> <h4 class=\"title\" ><strong>ZOSTA\u0143 PARTNEREM<\/strong><span class=\"title-separator\"><span><\/span><\/span><\/h4> <span class=\"right-line\"><\/span> <\/div><span class=\"title-after_title\">Zosta\u0144 partnerem PuraVita i do\u0142\u0105cz do naszej misji promowania zdrowia i dobrego samopoczucia dzi\u0119ki naturalnym produktom wysokiej jako\u015bci.<\/span><\/div>[vc_btn title=&#8221;Register as a partner&#8221; color=&#8221;green&#8221; align=&#8221;center&#8221;][\/vc_column][\/vc_row][vc_row full_width=&#8221;stretch_row&#8221; css=&#8221;.vc_custom_1717502704758{background-color: #f9f9f9 !important;}&#8221;][vc_column][vc_row_inner content_placement=&#8221;middle&#8221;][vc_column_inner width=&#8221;1\/3&#8243;][vc_custom_heading text=&#8221;Our partners&#8221; font_container=&#8221;tag:h2|font_size:30|text_align:left|color:%230f0f0f|line_height:1&#8243; use_theme_fonts=&#8221;yes&#8221;][\/vc_column_inner][vc_column_inner width=&#8221;2\/3&#8243;][vc_images_carousel images=&#8221;32586,32584,32582,32543,32542,32530&#8243; slides_per_view=&#8221;4&#8243; autoplay=&#8221;yes&#8221; spaces=&#8221;yes&#8221;][\/vc_column_inner][\/vc_row_inner][\/vc_column][\/vc_row]<\/p>\n<\/div>","protected":false},"excerpt":{"rendered":"<p>[vc_row full_width=&#8221;stretch_row&#8221; basel_parallax=&#8221;1&#8243; css=&#8221;.vc_custom_1716760549089{margin-bottom: 45px !important;padding-top: 400px !important;padding-bottom: 30px !important;background-image: url(https:\/\/puravita.pl\/wp-content\/uploads\/2024\/05\/Tim-Douglas-Barista-scaled.jpg?id=32575) !important;background-position: center !important;background-repeat: no-repeat !important;background-size: cover !important;}&#8221;][vc_column][vc_custom_heading text=&#8221;Become a<\/p>\n","protected":false},"author":1,"featured_media":0,"parent":0,"menu_order":0,"comment_status":"closed","ping_status":"closed","template":"","meta":{"footnotes":""},"class_list":["post-32625","page","type-page","status-publish","hentry"],"aioseo_notices":[],"_links":{"self":[{"href":"https:\/\/wordpress.puravita.pl\/en\/wp-json\/wp\/v2\/pages\/32625","targetHints":{"allow":["GET"]}}],"collection":[{"href":"https:\/\/wordpress.puravita.pl\/en\/wp-json\/wp\/v2\/pages"}],"about":[{"href":"https:\/\/wordpress.puravita.pl\/en\/wp-json\/wp\/v2\/types\/page"}],"author":[{"embeddable":true,"href":"https:\/\/wordpress.puravita.pl\/en\/wp-json\/wp\/v2\/users\/1"}],"replies":[{"embeddable":true,"href":"https:\/\/wordpress.puravita.pl\/en\/wp-json\/wp\/v2\/comments?post=32625"}],"version-history":[{"count":7,"href":"https:\/\/wordpress.puravita.pl\/en\/wp-json\/wp\/v2\/pages\/32625\/revisions"}],"predecessor-version":[{"id":32711,"href":"https:\/\/wordpress.puravita.pl\/en\/wp-json\/wp\/v2\/pages\/32625\/revisions\/32711"}],"wp:attachment":[{"href":"https:\/\/wordpress.puravita.pl\/en\/wp-json\/wp\/v2\/media?parent=32625"}],"curies":[{"name":"wp","href":"https:\/\/api.w.org\/{rel}","templated":true}]}}