{"id":32691,"date":"2024-06-04T11:02:03","date_gmt":"2024-06-04T10:02:03","guid":{"rendered":"https:\/\/puravita.pl\/product\/puravita-full-experience\/"},"modified":"2024-11-12T16:43:03","modified_gmt":"2024-11-12T16:43:03","slug":"puravita-full-experience","status":"publish","type":"product","link":"https:\/\/wordpress.puravita.pl\/en\/product\/puravita-full-experience\/","title":{"rendered":"PuraVita Full Experience"},"content":{"rendered":"<div class=\"v1p3\"><strong>PuraVita Full Experience<\/strong><\/div>\n<div class=\"v1p2\"><\/div>\n<div class=\"v1p1\">Rozszerzony plan, kt\u00f3ry maksymalizuje korzy\u015bci:<\/div>\n<div class=\"v1p2\"><\/div>\n<div class=\"v1p4\">\u2022\u00a0<strong>Ca\u0142o\u015b\u0107 subskrypcji<\/strong>\u00a0do wykorzystania w sklepie \u2013 pe\u0142na kwota trafia na Twoje konto co miesi\u0105c<\/div>\n<div class=\"v1p4\">\u2022\u00a0<strong>10% sta\u0142ego rabatu<\/strong>\u00a0na wszystkie produkty \u2013 zwi\u0119kszona oszcz\u0119dno\u015b\u0107 na ka\u017cdym zam\u00f3wieniu<\/div>\n<div class=\"v1p4\">\u2022\u00a0<strong>Darmowa dostawa<\/strong>\u00a0\u2013 bez dodatkowych op\u0142at za przesy\u0142k\u0119<\/div>\n<div class=\"v1p4\">\u2022\u00a0<strong>10% rabatu na eventy PuraVita<\/strong>\u00a0\u2013 jeszcze wi\u0119ksze korzy\u015bci na nasze wydarzenia wellbeing<\/div>\n<div class=\"v1p5\"><\/div>\n<div class=\"v1p4\">Ka\u017cdy plan PuraVita Experience zosta\u0142 zaprojektowany, aby zapewni\u0107 \u0142atwe zarz\u0105dzanie \u015brodkami oraz sta\u0142y dost\u0119p do ekskluzywnych benefit\u00f3w i rabat\u00f3w.<\/div>\n<div>\u200b<\/div>\n","protected":false},"excerpt":{"rendered":"<div><strong>PuraVita Experience<\/strong>\u00a0to elastyczna subskrypcja, kt\u00f3ra zmienia spos\u00f3b, w jaki korzystasz z oferty PuraVita, daj\u0105c Ci pe\u0142n\u0105 kontrol\u0119 nad swoimi \u015brodkami. Co miesi\u0105c, w wybranym planie subskrypcyjnym, automatycznie dodajemy \u015brodki na Twoje konto PuraVita, kt\u00f3re mo\u017cesz swobodnie wykorzysta\u0107 na zakupy produkt\u00f3w w naszym sklepie. PuraVita Experience zapewnia elastyczno\u015b\u0107, sta\u0142e rabaty i korzy\u015bci, kt\u00f3re czyni\u0105 zakupy jeszcze prostszymi.<\/div>\n<div class=\"v1p2\"><\/div>\n","protected":false},"featured_media":32967,"comment_status":"closed","ping_status":"closed","template":"","meta":[],"product_cat":[74],"product_tag":[],"class_list":{"0":"post-32691","1":"product","2":"type-product","3":"status-publish","4":"has-post-thumbnail","6":"product_cat-uncategorised-en","8":"first","9":"instock","10":"virtual","11":"sold-individually","12":"taxable","13":"purchasable","14":"product-type-simple"},"aioseo_notices":[],"_links":{"self":[{"href":"https:\/\/wordpress.puravita.pl\/en\/wp-json\/wp\/v2\/product\/32691","targetHints":{"allow":["GET"]}}],"collection":[{"href":"https:\/\/wordpress.puravita.pl\/en\/wp-json\/wp\/v2\/product"}],"about":[{"href":"https:\/\/wordpress.puravita.pl\/en\/wp-json\/wp\/v2\/types\/product"}],"replies":[{"embeddable":true,"href":"https:\/\/wordpress.puravita.pl\/en\/wp-json\/wp\/v2\/comments?post=32691"}],"wp:featuredmedia":[{"embeddable":true,"href":"https:\/\/wordpress.puravita.pl\/en\/wp-json\/wp\/v2\/media\/32967"}],"wp:attachment":[{"href":"https:\/\/wordpress.puravita.pl\/en\/wp-json\/wp\/v2\/media?parent=32691"}],"wp:term":[{"taxonomy":"product_cat","embeddable":true,"href":"https:\/\/wordpress.puravita.pl\/en\/wp-json\/wp\/v2\/product_cat?post=32691"},{"taxonomy":"product_tag","embeddable":true,"href":"https:\/\/wordpress.puravita.pl\/en\/wp-json\/wp\/v2\/product_tag?post=32691"}],"curies":[{"name":"wp","href":"https:\/\/api.w.org\/{rel}","templated":true}]}}