{"id":32810,"date":"2024-06-13T22:43:49","date_gmt":"2024-06-13T21:43:49","guid":{"rendered":"https:\/\/puravita.pl\/?post_type=product&#038;p=32810"},"modified":"2025-01-03T11:48:17","modified_gmt":"2025-01-03T11:48:17","slug":"puracaffe-barista-250g","status":"publish","type":"product","link":"https:\/\/wordpress.puravita.pl\/en\/product\/puracaffe-barista-250g\/","title":{"rendered":"PuraCaff\u00e9 Barista 250g"},"content":{"rendered":"<p><strong>Smak i aromat:<\/strong><\/p>\n<p>PuraCaff\u00e9 Barista jest idealna dla tych, kt\u00f3rzy kochaj\u0105 mocn\u0105, intensywn\u0105 kaw\u0119 z g\u0142adkim finiszem. Barista to \u015brednio-ciemne palenie, kt\u00f3re podkre\u015bla bogate nuty czekolady, tytoniu i lukrecji, co czyni j\u0105 idealn\u0105 dla mi\u0142o\u015bnik\u00f3w espresso.<\/p>\n<p><strong>Profil palenia:<\/strong><\/p>\n<ul>\n<li>Stopie\u0144 palenia: 3 (\u015bredni)<\/li>\n<li>Aromat: 5 (bardzo wysoki)<\/li>\n<li>Kwasowo\u015b\u0107: 2 (niska)<\/li>\n<\/ul>\n<p>Nuty smakowe: PuraCaff\u00e9 Barista charakteryzuje si\u0119 bogatym smakiem z nutami ciemnej czekolady, tytoniu i lukrecji, z delikatnymi cytrusowymi akcentami. Kawa ma nisk\u0105 kwasowo\u015b\u0107, umiarkowan\u0105 goryczk\u0119 oraz \u015bredni\u0105 s\u0142odycz.<\/p>\n<p><strong>Ziarna:<\/strong><\/p>\n<p>Mieszanka ziaren pochodz\u0105cych z najlepszych plantacji w Brazylii, Etiopii, Indonezji, Indiach i Wietnamie. Ka\u017cde ziarno jest starannie wyselekcjonowane, aby zapewni\u0107 najwy\u017csz\u0105 jako\u015b\u0107 i niepowtarzalne doznania smakowe.<\/p>\n<p><strong>Proces palenia:<\/strong><\/p>\n<p>Ziarna kawy PuraCaff\u00e9 Barista s\u0105 palone w Kalabrii, regionie W\u0142och znanym z wielowiekowej tradycji palenia kawy. Proces ten odbywa si\u0119 w ma\u0142ych partiach, co pozwala na zachowanie pe\u0142nej kontroli nad jako\u015bci\u0105 i smakiem.<\/p>\n<p>Zalecane metody parzenia: Idealna do metod ci\u015bnieniowych, takich jak espresso czy moka. Doskonale sprawdzi si\u0119 r\u00f3wnie\u017c w metodach przelewowych.<\/p>\n<p><strong>Nasza ideologia:<\/strong><\/p>\n<p>PuraVita to nie tylko marka \u2013 to ideologia, kt\u00f3rej celem jest promowanie zdrowego i harmonijnego stylu \u017cycia. Nasza misja to tworzenie produkt\u00f3w, kt\u00f3re nie tylko zaspokajaj\u0105 zmys\u0142y, ale r\u00f3wnie\u017c wspieraj\u0105 dobre samopoczucie. Kawa PuraCaff\u00e9 Barista jest doskona\u0142ym tego przyk\u0142adem. Proces jej powstawania zaczyna si\u0119 od starannego doboru ziaren z najlepszych plantacji na \u015bwiecie, a ko\u0144czy w ma\u0142ej w\u0142oskiej miejscowo\u015bci, gdzie tradycja palenia kawy przekazywana jest z pokolenia na pokolenie. Wybieraj\u0105c PuraCaff\u00e9 Barista, wybierasz kawa\u0142ek historii i pasji, kt\u00f3re przy ka\u017cdym \u0142yku przenios\u0105 Ci\u0119 do s\u0142onecznej Kalabrii.<\/p>\n","protected":false},"excerpt":{"rendered":"<p>PuraCaff\u00e9 Barista: mocna, intensywna kawa z g\u0142adkim wyko\u0144czeniem. Charakteryzuje si\u0119 bogatymi nutami czekolady i orzech\u00f3w, idealna dla mi\u0142o\u015bnik\u00f3w espresso.<\/p>\n","protected":false},"featured_media":32849,"comment_status":"open","ping_status":"closed","template":"","meta":[],"product_cat":[70],"product_tag":[],"class_list":{"0":"post-32810","1":"product","2":"type-product","3":"status-publish","4":"has-post-thumbnail","6":"product_cat-coffee-en","8":"first","9":"instock","10":"taxable","11":"shipping-taxable","12":"purchasable","13":"product-type-simple"},"aioseo_notices":[],"_links":{"self":[{"href":"https:\/\/wordpress.puravita.pl\/en\/wp-json\/wp\/v2\/product\/32810","targetHints":{"allow":["GET"]}}],"collection":[{"href":"https:\/\/wordpress.puravita.pl\/en\/wp-json\/wp\/v2\/product"}],"about":[{"href":"https:\/\/wordpress.puravita.pl\/en\/wp-json\/wp\/v2\/types\/product"}],"replies":[{"embeddable":true,"href":"https:\/\/wordpress.puravita.pl\/en\/wp-json\/wp\/v2\/comments?post=32810"}],"wp:featuredmedia":[{"embeddable":true,"href":"https:\/\/wordpress.puravita.pl\/en\/wp-json\/wp\/v2\/media\/32849"}],"wp:attachment":[{"href":"https:\/\/wordpress.puravita.pl\/en\/wp-json\/wp\/v2\/media?parent=32810"}],"wp:term":[{"taxonomy":"product_cat","embeddable":true,"href":"https:\/\/wordpress.puravita.pl\/en\/wp-json\/wp\/v2\/product_cat?post=32810"},{"taxonomy":"product_tag","embeddable":true,"href":"https:\/\/wordpress.puravita.pl\/en\/wp-json\/wp\/v2\/product_tag?post=32810"}],"curies":[{"name":"wp","href":"https:\/\/api.w.org\/{rel}","templated":true}]}}