{"id":33025,"date":"2024-12-01T19:01:06","date_gmt":"2024-12-01T19:01:06","guid":{"rendered":"https:\/\/puravita.pl\/?post_type=product&#038;p=33025"},"modified":"2024-12-01T19:01:07","modified_gmt":"2024-12-01T19:01:07","slug":"christmas-box","status":"publish","type":"product","link":"https:\/\/wordpress.puravita.pl\/en\/produkt\/christmas-box\/","title":{"rendered":"Christmas box &#8211; Barista, Calabria i Acai"},"content":{"rendered":"<p class=\"p1\"><b>\u015awi\u0105teczny Box Prezentowy od PuraVita<\/b><b><\/b><\/p>\n<p class=\"p1\">\ud83c\udf84 <b>Idealny zestaw na \u015bwi\u0119ta<\/b> \u2013 Podaruj bliskim chwil\u0119 rado\u015bci z wyj\u0105tkowym boxem od PuraVita, kt\u00f3ry \u0142\u0105czy egzotyczne smaki i aromaty kawy.<\/p>\n<p class=\"p1\"><b>Co znajdziesz w \u015brodku?<\/b><b><\/b><\/p>\n<ol>\n<li class=\"p5\"><b>Tropicool Acai<\/b><b><\/b><\/li>\n<li class=\"p5\"><b>Kawa Calabria<\/b><b><\/b><\/li>\n<li class=\"p5\"><b>Kawa Barista<\/b><b><\/b><\/li>\n<\/ol>\n<p class=\"p3\">Harmonijne po\u0142\u0105czenie intensywno\u015bci i \u0142agodno\u015bci, idealne zar\u00f3wno dla profesjonalnych barist\u00f3w, jak i domowych mi\u0142o\u015bnik\u00f3w kawy. Perfekcyjny wyb\u00f3r na ka\u017cd\u0105 okazj\u0119. <b>\u015awi\u0105teczny Box Prezentowy od PuraVita<\/b> to wi\u0119cej ni\u017c prezent \u2013 to wyj\u0105tkowe do\u015bwiadczenie, kt\u00f3re wprowadzi ciep\u0142o i rado\u015b\u0107 do ka\u017cdej chwili.<\/p>\n<p class=\"p3\">Zam\u00f3w teraz i spraw, by te \u015bwi\u0119ta by\u0142y niezapomniane! \ud83c\udf85\u2728<\/p>\n","protected":false},"excerpt":{"rendered":"<p class=\"p1\"><b>Idealny zestaw na \u015bwi\u0119ta<\/b> \u2013 Podaruj bliskim chwil\u0119 rado\u015bci z wyj\u0105tkowym boxem od PuraVita, kt\u00f3ry \u0142\u0105czy egzotyczne smaki i aromaty kawy. W \u015brodku znajdziesz: Tropicool Acai, Kaw\u0119 Calabria i Kaw\u0119 Barista \u2013 produkty, kt\u00f3re umil\u0105 ka\u017cd\u0105 zimow\u0105 chwil\u0119.<\/p>\n","protected":false},"featured_media":33026,"comment_status":"closed","ping_status":"closed","template":"","meta":[],"product_cat":[28,29],"product_tag":[],"class_list":{"0":"post-33025","1":"product","2":"type-product","3":"status-publish","4":"has-post-thumbnail","6":"product_cat-kawa","7":"product_cat-superfoods","9":"first","10":"instock","11":"taxable","12":"shipping-taxable","13":"purchasable","14":"product-type-simple"},"aioseo_notices":[],"_links":{"self":[{"href":"https:\/\/wordpress.puravita.pl\/en\/wp-json\/wp\/v2\/product\/33025","targetHints":{"allow":["GET"]}}],"collection":[{"href":"https:\/\/wordpress.puravita.pl\/en\/wp-json\/wp\/v2\/product"}],"about":[{"href":"https:\/\/wordpress.puravita.pl\/en\/wp-json\/wp\/v2\/types\/product"}],"replies":[{"embeddable":true,"href":"https:\/\/wordpress.puravita.pl\/en\/wp-json\/wp\/v2\/comments?post=33025"}],"wp:featuredmedia":[{"embeddable":true,"href":"https:\/\/wordpress.puravita.pl\/en\/wp-json\/wp\/v2\/media\/33026"}],"wp:attachment":[{"href":"https:\/\/wordpress.puravita.pl\/en\/wp-json\/wp\/v2\/media?parent=33025"}],"wp:term":[{"taxonomy":"product_cat","embeddable":true,"href":"https:\/\/wordpress.puravita.pl\/en\/wp-json\/wp\/v2\/product_cat?post=33025"},{"taxonomy":"product_tag","embeddable":true,"href":"https:\/\/wordpress.puravita.pl\/en\/wp-json\/wp\/v2\/product_tag?post=33025"}],"curies":[{"name":"wp","href":"https:\/\/api.w.org\/{rel}","templated":true}]}}