{"id":33054,"date":"2024-12-16T16:06:20","date_gmt":"2024-12-16T16:06:20","guid":{"rendered":"https:\/\/puravita.pl\/?post_type=product&#038;p=33054"},"modified":"2024-12-16T22:56:51","modified_gmt":"2024-12-16T22:56:51","slug":"tropicool-acai-zestaw-2-szt","status":"publish","type":"product","link":"https:\/\/wordpress.puravita.pl\/en\/produkt\/tropicool-acai-zestaw-2-szt\/","title":{"rendered":"Tropicool Acai &#8211; Zestaw 2 szt."},"content":{"rendered":"<p>Poznaj niezwyk\u0142e korzy\u015bci Acai, superowocu pochodz\u0105cego z bujnych las\u00f3w Amazonii. Ten wyj\u0105tkowy owoc to prawdziwa bomba od\u017cywcza i nieod\u0142\u0105czny element zdrowego stylu \u017cycia.<\/p>\n<p><strong>Korzy\u015bci zdrowotne:<\/strong><\/p>\n<ul>\n<li>Bogactwo zdrowych t\u0142uszcz\u00f3w: A\u00e7a\u00ed to doskona\u0142e \u017ar\u00f3d\u0142o zdrowych t\u0142uszcz\u00f3w, kt\u00f3re pomagaj\u0105 obni\u017cy\u0107 poziom z\u0142ego cholesterolu (LDL) i podnie\u015b\u0107 poziom dobrego cholesterolu (HDL).<\/li>\n<li>Moc antyoksydant\u00f3w: Pe\u0142en fenolowych zwi\u0105zk\u00f3w, takich jak antocyjaniny, A\u00e7a\u00ed oferuje wyj\u0105tkowe w\u0142a\u015bciwo\u015bci antyoksydacyjne, zwalczaj\u0105c wolne rodniki i redukuj\u0105c stres oksydacyjny.<\/li>\n<li>Wysoka zawarto\u015b\u0107 b\u0142onnika: Wspomaga zdrowe trawienie i zapewnia uczucie syto\u015bci na d\u0142u\u017cej.<\/li>\n<\/ul>\n<p><strong>Cechy produktu:<\/strong><\/p>\n<ul>\n<li>Wega\u0144ski<\/li>\n<li>Organiczny<\/li>\n<li>Bogaty w b\u0142onnik<\/li>\n<li>Pe\u0142en antyoksydant\u00f3w<\/li>\n<li>Bezglutenowy<\/li>\n<li>Bez nabia\u0142u<\/li>\n<li>Bez konserwant\u00f3w<\/li>\n<li>Bez sztucznych barwnik\u00f3w<\/li>\n<li>Forma pulpy<\/li>\n<\/ul>\n<p>Tropicool Acai dost\u0119pne jest w formie pulpy, co pozwala na jego wszechstronne zastosowanie. Mo\u017cna go dodawa\u0107 do bowli i koktajli, gdzie \u015bwietnie komponuje si\u0119 z granol\u0105, bananami, pa\u00e7oca (energetycznym cukierkiem z orzeszk\u00f3w ziemnych), nasionami chia, a nawet u\u017cywa\u0107 do kreatywnych drink\u00f3w. Wzboga\u0107 swoje posi\u0142ki i przek\u0105ski o bogate, \u017cywe smaki Acai.<\/p>\n","protected":false},"excerpt":{"rendered":"<p>Odkryj niesamowite korzy\u015bci p\u0142yn\u0105ce z A\u00e7a\u00ed, pe\u0142nego sk\u0142adnik\u00f3w od\u017cywczych superowocu z Amazo\u0144skiego Lasu w Brazylii. A\u00e7a\u00ed jest bogate w zdrowe t\u0142uszcze, przeciwutleniacze i b\u0142onnik, co czyni go pot\u0119\u017cnym dodatkiem do zr\u00f3wnowa\u017conej diety. Ciesz si\u0119 jego korzy\u015bciami zdrowotnymi, w tym popraw\u0105 poziomu cholesterolu, ochron\u0105 antyoksydacyjn\u0105 i lepszym trawieniem.<\/p>\n","protected":false},"featured_media":33061,"comment_status":"open","ping_status":"closed","template":"","meta":[],"product_cat":[29],"product_tag":[],"class_list":{"0":"post-33054","1":"product","2":"type-product","3":"status-publish","4":"has-post-thumbnail","6":"product_cat-superfoods","8":"first","9":"instock","10":"taxable","11":"shipping-taxable","12":"purchasable","13":"product-type-simple"},"aioseo_notices":[],"_links":{"self":[{"href":"https:\/\/wordpress.puravita.pl\/en\/wp-json\/wp\/v2\/product\/33054","targetHints":{"allow":["GET"]}}],"collection":[{"href":"https:\/\/wordpress.puravita.pl\/en\/wp-json\/wp\/v2\/product"}],"about":[{"href":"https:\/\/wordpress.puravita.pl\/en\/wp-json\/wp\/v2\/types\/product"}],"replies":[{"embeddable":true,"href":"https:\/\/wordpress.puravita.pl\/en\/wp-json\/wp\/v2\/comments?post=33054"}],"wp:featuredmedia":[{"embeddable":true,"href":"https:\/\/wordpress.puravita.pl\/en\/wp-json\/wp\/v2\/media\/33061"}],"wp:attachment":[{"href":"https:\/\/wordpress.puravita.pl\/en\/wp-json\/wp\/v2\/media?parent=33054"}],"wp:term":[{"taxonomy":"product_cat","embeddable":true,"href":"https:\/\/wordpress.puravita.pl\/en\/wp-json\/wp\/v2\/product_cat?post=33054"},{"taxonomy":"product_tag","embeddable":true,"href":"https:\/\/wordpress.puravita.pl\/en\/wp-json\/wp\/v2\/product_tag?post=33054"}],"curies":[{"name":"wp","href":"https:\/\/api.w.org\/{rel}","templated":true}]}}